{"id":425,"date":"2025-01-29T16:20:07","date_gmt":"2025-01-29T16:20:07","guid":{"rendered":"https:\/\/bogue.com.co\/?page_id=425"},"modified":"2025-03-03T23:48:19","modified_gmt":"2025-03-03T22:48:19","slug":"cool-pills","status":"publish","type":"page","link":"https:\/\/grupoimasd.com\/en\/coolshop\/cool-pills\/","title":{"rendered":"Cool Pills"},"content":{"rendered":"\t\t<div data-elementor-type=\"wp-page\" data-elementor-id=\"425\" class=\"elementor elementor-425\" data-elementor-post-type=\"page\">\n\t\t\t\t<div class=\"elementor-element elementor-element-e6eeeea e-flex e-con-boxed e-con e-parent\" data-id=\"e6eeeea\" data-element_type=\"container\">\n\t\t\t\t\t<div class=\"e-con-inner\">\n\t\t\t\t<div class=\"elementor-element elementor-element-b153edc elementor-widget elementor-widget-heading\" data-id=\"b153edc\" data-element_type=\"widget\" data-widget_type=\"heading.default\">\n\t\t\t\t<div class=\"elementor-widget-container\">\n\t\t\t\t\t<h2 class=\"elementor-heading-title elementor-size-default\">Coolpills<\/h2>\t\t\t\t<\/div>\n\t\t\t\t<\/div>\n\t\t\t\t\t<\/div>\n\t\t\t\t<\/div>\n\t\t<div class=\"elementor-element elementor-element-bf53621 e-flex e-con-boxed e-con e-parent\" data-id=\"bf53621\" data-element_type=\"container\">\n\t\t\t\t\t<div class=\"e-con-inner\">\n\t\t<div class=\"elementor-element elementor-element-0743917 e-con-full e-flex e-con e-child\" data-id=\"0743917\" data-element_type=\"container\">\n\t\t\t\t<div class=\"elementor-element elementor-element-6658ffb elementor-widget elementor-widget-heading\" data-id=\"6658ffb\" data-element_type=\"widget\" data-widget_type=\"heading.default\">\n\t\t\t\t<div class=\"elementor-widget-container\">\n\t\t\t\t\t<h2 class=\"elementor-heading-title elementor-size-default\">Four research reports packed with valuable insights to take your brand to the next level.\nAvailable in four categories:<\/h2>\t\t\t\t<\/div>\n\t\t\t\t<\/div>\n\t\t\t\t<div class=\"elementor-element elementor-element-e9985b1 elementor-widget elementor-widget-text-editor\" data-id=\"e9985b1\" data-element_type=\"widget\" data-widget_type=\"text-editor.default\">\n\t\t\t\t<div class=\"elementor-widget-container\">\n\t\t\t\t\t\t\t\t\t<p>Hemos decidido abrir las puertas de nuestra biblioteca a muchas m\u00e1s personas, para continuar entregando valor e inspiraci\u00f3n a personas, marcas y negocios.<\/p><p>Aqu\u00ed encontrar\u00e1s diversas tem\u00e1ticas donde analizamos marcas desde todos sus puntos de contacto, y unas conclusiones generales respecto a tendencias, formatos, ingredientes, entre otros.<\/p>\t\t\t\t\t\t\t\t<\/div>\n\t\t\t\t<\/div>\n\t\t\t\t<\/div>\n\t\t<div class=\"elementor-element elementor-element-bb79206 e-con-full e-flex e-con e-child\" data-id=\"bb79206\" data-element_type=\"container\">\n\t\t\t\t<div class=\"elementor-element elementor-element-aa86f9f elementor-widget elementor-widget-image\" data-id=\"aa86f9f\" data-element_type=\"widget\" data-widget_type=\"image.default\">\n\t\t\t\t<div class=\"elementor-widget-container\">\n\t\t\t\t\t\t\t\t\t\t\t\t\t\t\t<img fetchpriority=\"high\" decoding=\"async\" width=\"1080\" height=\"763\" src=\"https:\/\/grupoimasd.com\/en\/wp-content\/uploads\/sites\/4\/2025\/01\/coolpills-13.webp\" class=\"attachment-full size-full wp-image-427\" alt=\"\" srcset=\"https:\/\/grupoimasd.com\/en\/wp-content\/uploads\/sites\/4\/2025\/01\/coolpills-13.webp 1080w, https:\/\/grupoimasd.com\/en\/wp-content\/uploads\/sites\/4\/2025\/01\/coolpills-13-300x212.webp 300w, https:\/\/grupoimasd.com\/en\/wp-content\/uploads\/sites\/4\/2025\/01\/coolpills-13-1024x723.webp 1024w, https:\/\/grupoimasd.com\/en\/wp-content\/uploads\/sites\/4\/2025\/01\/coolpills-13-768x543.webp 768w, https:\/\/grupoimasd.com\/en\/wp-content\/uploads\/sites\/4\/2025\/01\/coolpills-13-600x424.webp 600w\" sizes=\"(max-width: 1080px) 100vw, 1080px\" \/>\t\t\t\t\t\t\t\t\t\t\t\t\t\t\t<\/div>\n\t\t\t\t<\/div>\n\t\t\t\t<\/div>\n\t\t\t\t\t<\/div>\n\t\t\t\t<\/div>\n\t\t<div class=\"elementor-element elementor-element-24d7a36 e-flex e-con-boxed e-con e-parent\" data-id=\"24d7a36\" data-element_type=\"container\">\n\t\t\t\t\t<div class=\"e-con-inner\">\n\t\t<div class=\"elementor-element elementor-element-1fbe7bf e-con-full e-flex e-con e-child\" data-id=\"1fbe7bf\" data-element_type=\"container\">\n\t\t\t\t<div class=\"elementor-element elementor-element-b8dc96f elementor-widget elementor-widget-image\" data-id=\"b8dc96f\" data-element_type=\"widget\" data-widget_type=\"image.default\">\n\t\t\t\t<div class=\"elementor-widget-container\">\n\t\t\t\t\t\t\t\t\t\t\t\t\t\t\t<img decoding=\"async\" width=\"800\" height=\"586\" src=\"https:\/\/grupoimasd.com\/en\/wp-content\/uploads\/sites\/4\/2025\/01\/CoolPills-04.webp\" class=\"attachment-large size-large wp-image-428\" alt=\"\" srcset=\"https:\/\/grupoimasd.com\/en\/wp-content\/uploads\/sites\/4\/2025\/01\/CoolPills-04.webp 955w, https:\/\/grupoimasd.com\/en\/wp-content\/uploads\/sites\/4\/2025\/01\/CoolPills-04-300x220.webp 300w, https:\/\/grupoimasd.com\/en\/wp-content\/uploads\/sites\/4\/2025\/01\/CoolPills-04-768x563.webp 768w, https:\/\/grupoimasd.com\/en\/wp-content\/uploads\/sites\/4\/2025\/01\/CoolPills-04-600x440.webp 600w\" sizes=\"(max-width: 800px) 100vw, 800px\" \/>\t\t\t\t\t\t\t\t\t\t\t\t\t\t\t<\/div>\n\t\t\t\t<\/div>\n\t\t\t\t<\/div>\n\t\t<div class=\"elementor-element elementor-element-293e72e e-con-full e-flex e-con e-child\" data-id=\"293e72e\" data-element_type=\"container\">\n\t\t\t\t<div class=\"elementor-element elementor-element-409d8c5 elementor-widget elementor-widget-heading\" data-id=\"409d8c5\" data-element_type=\"widget\" data-widget_type=\"heading.default\">\n\t\t\t\t<div class=\"elementor-widget-container\">\n\t\t\t\t\t<h2 class=\"elementor-heading-title elementor-size-default\">Fuente diversa de bienestar y funcionalidad\n<\/h2>\t\t\t\t<\/div>\n\t\t\t\t<\/div>\n\t\t\t\t<div class=\"elementor-element elementor-element-18e488e elementor-widget elementor-widget-text-editor\" data-id=\"18e488e\" data-element_type=\"widget\" data-widget_type=\"text-editor.default\">\n\t\t\t\t<div class=\"elementor-widget-container\">\n\t\t\t\t\t\t\t\t\t<p>Una categor\u00eda en crecimiento y con un mundo de posibilidades.<\/p><p>La din\u00e1mica de las bebidas ha comenzado a seguir fuertes tendencias de ofertas con beneficios y productos que son mejores para la salud.<\/p>\t\t\t\t\t\t\t\t<\/div>\n\t\t\t\t<\/div>\n\t\t\t\t<\/div>\n\t\t\t\t\t<\/div>\n\t\t\t\t<\/div>\n\t\t<div class=\"elementor-element elementor-element-c54f22e e-flex e-con-boxed e-con e-parent\" data-id=\"c54f22e\" data-element_type=\"container\">\n\t\t\t\t\t<div class=\"e-con-inner\">\n\t\t<div class=\"elementor-element elementor-element-7c7bd5a e-con-full e-flex e-con e-child\" data-id=\"7c7bd5a\" data-element_type=\"container\">\n\t\t\t\t<div class=\"elementor-element elementor-element-a867a62 elementor-widget elementor-widget-image\" data-id=\"a867a62\" data-element_type=\"widget\" data-widget_type=\"image.default\">\n\t\t\t\t<div class=\"elementor-widget-container\">\n\t\t\t\t\t\t\t\t\t\t\t\t\t\t\t<img decoding=\"async\" width=\"800\" height=\"586\" src=\"https:\/\/grupoimasd.com\/en\/wp-content\/uploads\/sites\/4\/2025\/01\/CoolPills-03.webp\" class=\"attachment-large size-large wp-image-432\" alt=\"\" srcset=\"https:\/\/grupoimasd.com\/en\/wp-content\/uploads\/sites\/4\/2025\/01\/CoolPills-03.webp 955w, https:\/\/grupoimasd.com\/en\/wp-content\/uploads\/sites\/4\/2025\/01\/CoolPills-03-300x220.webp 300w, https:\/\/grupoimasd.com\/en\/wp-content\/uploads\/sites\/4\/2025\/01\/CoolPills-03-768x563.webp 768w, https:\/\/grupoimasd.com\/en\/wp-content\/uploads\/sites\/4\/2025\/01\/CoolPills-03-600x440.webp 600w\" sizes=\"(max-width: 800px) 100vw, 800px\" \/>\t\t\t\t\t\t\t\t\t\t\t\t\t\t\t<\/div>\n\t\t\t\t<\/div>\n\t\t\t\t<\/div>\n\t\t<div class=\"elementor-element elementor-element-ce5a103 e-con-full e-flex e-con e-child\" data-id=\"ce5a103\" data-element_type=\"container\">\n\t\t\t\t<div class=\"elementor-element elementor-element-acbb4d9 elementor-widget elementor-widget-heading\" data-id=\"acbb4d9\" data-element_type=\"widget\" data-widget_type=\"heading.default\">\n\t\t\t\t<div class=\"elementor-widget-container\">\n\t\t\t\t\t<h2 class=\"elementor-heading-title elementor-size-default\">Alimentaci\u00f3n sin complicaciones.\n<\/h2>\t\t\t\t<\/div>\n\t\t\t\t<\/div>\n\t\t\t\t<div class=\"elementor-element elementor-element-1c1b3af elementor-widget elementor-widget-text-editor\" data-id=\"1c1b3af\" data-element_type=\"widget\" data-widget_type=\"text-editor.default\">\n\t\t\t\t<div class=\"elementor-widget-container\">\n\t\t\t\t\t\t\t\t\t<p>Tomarse menos tiempo en cada preparaci\u00f3n, adelantar pasos y simplificar. Este es el valor agregado que entregan las marcas que analizaremos en este reporte.<\/p><p>La practicidad no tiene que sacrificar otros aspectos como lo delicioso, saludable o nutritivo que pueda ser una preparaci\u00f3n o incluso lo vers\u00e1til para consumir en cualquier momento del d\u00eda.<\/p>\t\t\t\t\t\t\t\t<\/div>\n\t\t\t\t<\/div>\n\t\t\t\t<\/div>\n\t\t\t\t\t<\/div>\n\t\t\t\t<\/div>\n\t\t<div class=\"elementor-element elementor-element-dd18833 e-flex e-con-boxed e-con e-parent\" data-id=\"dd18833\" data-element_type=\"container\">\n\t\t\t\t\t<div class=\"e-con-inner\">\n\t\t<div class=\"elementor-element elementor-element-8795d71 e-con-full e-flex e-con e-child\" data-id=\"8795d71\" data-element_type=\"container\">\n\t\t\t\t<div class=\"elementor-element elementor-element-dc62c30 elementor-widget elementor-widget-image\" data-id=\"dc62c30\" data-element_type=\"widget\" data-widget_type=\"image.default\">\n\t\t\t\t<div class=\"elementor-widget-container\">\n\t\t\t\t\t\t\t\t\t\t\t\t\t\t\t<img loading=\"lazy\" decoding=\"async\" width=\"800\" height=\"586\" src=\"https:\/\/grupoimasd.com\/en\/wp-content\/uploads\/sites\/4\/2025\/01\/CoolPills-06.webp\" class=\"attachment-large size-large wp-image-434\" alt=\"\" srcset=\"https:\/\/grupoimasd.com\/en\/wp-content\/uploads\/sites\/4\/2025\/01\/CoolPills-06.webp 955w, https:\/\/grupoimasd.com\/en\/wp-content\/uploads\/sites\/4\/2025\/01\/CoolPills-06-300x220.webp 300w, https:\/\/grupoimasd.com\/en\/wp-content\/uploads\/sites\/4\/2025\/01\/CoolPills-06-768x563.webp 768w, https:\/\/grupoimasd.com\/en\/wp-content\/uploads\/sites\/4\/2025\/01\/CoolPills-06-600x440.webp 600w\" sizes=\"(max-width: 800px) 100vw, 800px\" \/>\t\t\t\t\t\t\t\t\t\t\t\t\t\t\t<\/div>\n\t\t\t\t<\/div>\n\t\t\t\t<\/div>\n\t\t<div class=\"elementor-element elementor-element-3e0c96c e-con-full e-flex e-con e-child\" data-id=\"3e0c96c\" data-element_type=\"container\">\n\t\t\t\t<div class=\"elementor-element elementor-element-8d351cd elementor-widget elementor-widget-heading\" data-id=\"8d351cd\" data-element_type=\"widget\" data-widget_type=\"heading.default\">\n\t\t\t\t<div class=\"elementor-widget-container\">\n\t\t\t\t\t<h2 class=\"elementor-heading-title elementor-size-default\">Consciencia y culto al cuerpo.\n<\/h2>\t\t\t\t<\/div>\n\t\t\t\t<\/div>\n\t\t\t\t<div class=\"elementor-element elementor-element-6c6b0db elementor-widget elementor-widget-text-editor\" data-id=\"6c6b0db\" data-element_type=\"widget\" data-widget_type=\"text-editor.default\">\n\t\t\t\t<div class=\"elementor-widget-container\">\n\t\t\t\t\t\t\t\t\t<p>El cuidado personal va m\u00e1s all\u00e1 de productos cosm\u00e9ticos, es tener a consciencia el beneficio que este puede entregar a nivel hol\u00edstico para mantener en equilibrio mente, cuerpo y esp\u00edritu.<\/p><p>Marcas que acompa\u00f1an rituales para trabajar en el cuidado personal, verse y sentir bien por dentro por fuera.<\/p>\t\t\t\t\t\t\t\t<\/div>\n\t\t\t\t<\/div>\n\t\t\t\t<\/div>\n\t\t\t\t\t<\/div>\n\t\t\t\t<\/div>\n\t\t<div class=\"elementor-element elementor-element-5813a38 e-flex e-con-boxed e-con e-parent\" data-id=\"5813a38\" data-element_type=\"container\">\n\t\t\t\t\t<div class=\"e-con-inner\">\n\t\t<div class=\"elementor-element elementor-element-567dd02 e-con-full e-flex e-con e-child\" data-id=\"567dd02\" data-element_type=\"container\">\n\t\t\t\t<div class=\"elementor-element elementor-element-bf716d6 elementor-widget elementor-widget-image\" data-id=\"bf716d6\" data-element_type=\"widget\" data-widget_type=\"image.default\">\n\t\t\t\t<div class=\"elementor-widget-container\">\n\t\t\t\t\t\t\t\t\t\t\t\t\t\t\t<img loading=\"lazy\" decoding=\"async\" width=\"800\" height=\"586\" src=\"https:\/\/grupoimasd.com\/en\/wp-content\/uploads\/sites\/4\/2025\/01\/CoolPills-05.webp\" class=\"attachment-large size-large wp-image-435\" alt=\"\" srcset=\"https:\/\/grupoimasd.com\/en\/wp-content\/uploads\/sites\/4\/2025\/01\/CoolPills-05.webp 955w, https:\/\/grupoimasd.com\/en\/wp-content\/uploads\/sites\/4\/2025\/01\/CoolPills-05-300x220.webp 300w, https:\/\/grupoimasd.com\/en\/wp-content\/uploads\/sites\/4\/2025\/01\/CoolPills-05-768x563.webp 768w, https:\/\/grupoimasd.com\/en\/wp-content\/uploads\/sites\/4\/2025\/01\/CoolPills-05-600x440.webp 600w\" sizes=\"(max-width: 800px) 100vw, 800px\" \/>\t\t\t\t\t\t\t\t\t\t\t\t\t\t\t<\/div>\n\t\t\t\t<\/div>\n\t\t\t\t<\/div>\n\t\t<div class=\"elementor-element elementor-element-9a7face e-con-full e-flex e-con e-child\" data-id=\"9a7face\" data-element_type=\"container\">\n\t\t\t\t<div class=\"elementor-element elementor-element-aa6d531 elementor-widget elementor-widget-heading\" data-id=\"aa6d531\" data-element_type=\"widget\" data-widget_type=\"heading.default\">\n\t\t\t\t<div class=\"elementor-widget-container\">\n\t\t\t\t\t<h2 class=\"elementor-heading-title elementor-size-default\">Para, alim\u00e9ntate y \u00a1sigue!\n<\/h2>\t\t\t\t<\/div>\n\t\t\t\t<\/div>\n\t\t\t\t<div class=\"elementor-element elementor-element-0a0a9e7 elementor-widget elementor-widget-text-editor\" data-id=\"0a0a9e7\" data-element_type=\"widget\" data-widget_type=\"text-editor.default\">\n\t\t\t\t<div class=\"elementor-widget-container\">\n\t\t\t\t\t\t\t\t\t<p>Un mundo amplio y vers\u00e1til que satisface diversas necesidades seg\u00fan el momento y el lugar.<\/p><p>Hoy vemos un sin n\u00famero de categor\u00edas de productos que entregan todo lo necesario para pausas durante el d\u00eda o incluso para reemplazar comidas principales.<\/p>\t\t\t\t\t\t\t\t<\/div>\n\t\t\t\t<\/div>\n\t\t\t\t<\/div>\n\t\t\t\t\t<\/div>\n\t\t\t\t<\/div>\n\t\t<div class=\"elementor-element elementor-element-cc7f8fb e-flex e-con-boxed e-con e-parent\" data-id=\"cc7f8fb\" data-element_type=\"container\">\n\t\t\t\t\t<div class=\"e-con-inner\">\n\t\t\t\t<div class=\"elementor-element elementor-element-216c64f elementor-align-center elementor-widget elementor-widget-button\" data-id=\"216c64f\" data-element_type=\"widget\" data-widget_type=\"button.default\">\n\t\t\t\t<div class=\"elementor-widget-container\">\n\t\t\t\t\t\t\t\t\t<div class=\"elementor-button-wrapper\">\n\t\t\t\t\t<a class=\"elementor-button elementor-button-link elementor-size-sm\" href=\"https:\/\/grupoimasd.com\/en\/coolshop\/cool-pills\/form-descargas-cool-pills\/\">\n\t\t\t\t\t\t<span class=\"elementor-button-content-wrapper\">\n\t\t\t\t\t\t\t\t\t<span class=\"elementor-button-text\">Descargar ahora<\/span>\n\t\t\t\t\t<\/span>\n\t\t\t\t\t<\/a>\n\t\t\t\t<\/div>\n\t\t\t\t\t\t\t\t<\/div>\n\t\t\t\t<\/div>\n\t\t\t\t\t<\/div>\n\t\t\t\t<\/div>\n\t\t\t\t<\/div>\n\t\t","protected":false},"excerpt":{"rendered":"<p>Coolpills Four research reports packed with valuable insights to take your brand to the next level. Available in four categories: Hemos decidido abrir las puertas de nuestra biblioteca a muchas m\u00e1s personas, para continuar entregando valor e inspiraci\u00f3n a personas, marcas y negocios. Aqu\u00ed encontrar\u00e1s diversas tem\u00e1ticas donde analizamos marcas desde todos sus puntos de [&hellip;]<\/p>\n","protected":false},"author":1,"featured_media":0,"parent":311,"menu_order":0,"comment_status":"closed","ping_status":"closed","template":"","meta":{"_acf_changed":false,"footnotes":""},"class_list":["post-425","page","type-page","status-publish","hentry"],"acf":[],"yoast_head":"<!-- This site is optimized with the Yoast SEO plugin v26.5 - https:\/\/yoast.com\/wordpress\/plugins\/seo\/ -->\n<title>Cool Pills - Imasd En<\/title>\n<meta name=\"robots\" content=\"index, follow, max-snippet:-1, max-image-preview:large, max-video-preview:-1\" \/>\n<link rel=\"canonical\" href=\"https:\/\/grupoimasd.com\/en\/coolshop\/cool-pills\/\" \/>\n<meta property=\"og:locale\" content=\"en_US\" \/>\n<meta property=\"og:type\" content=\"article\" \/>\n<meta property=\"og:title\" content=\"Cool Pills - Imasd En\" \/>\n<meta property=\"og:description\" content=\"Coolpills Four research reports packed with valuable insights to take your brand to the next level. Available in four categories: Hemos decidido abrir las puertas de nuestra biblioteca a muchas m\u00e1s personas, para continuar entregando valor e inspiraci\u00f3n a personas, marcas y negocios. Aqu\u00ed encontrar\u00e1s diversas tem\u00e1ticas donde analizamos marcas desde todos sus puntos de [&hellip;]\" \/>\n<meta property=\"og:url\" content=\"https:\/\/grupoimasd.com\/en\/coolshop\/cool-pills\/\" \/>\n<meta property=\"og:site_name\" content=\"Imasd En\" \/>\n<meta property=\"article:modified_time\" content=\"2025-03-03T22:48:19+00:00\" \/>\n<meta property=\"og:image\" content=\"https:\/\/grupoimasd.com\/en\/wp-content\/uploads\/sites\/4\/2025\/01\/coolpills-13.webp\" \/>\n\t<meta property=\"og:image:width\" content=\"1080\" \/>\n\t<meta property=\"og:image:height\" content=\"763\" \/>\n\t<meta property=\"og:image:type\" content=\"image\/webp\" \/>\n<meta name=\"twitter:card\" content=\"summary_large_image\" \/>\n<meta name=\"twitter:label1\" content=\"Est. reading time\" \/>\n\t<meta name=\"twitter:data1\" content=\"3 minutes\" \/>\n<script type=\"application\/ld+json\" class=\"yoast-schema-graph\">{\"@context\":\"https:\/\/schema.org\",\"@graph\":[{\"@type\":\"WebPage\",\"@id\":\"https:\/\/grupoimasd.com\/en\/coolshop\/cool-pills\/\",\"url\":\"https:\/\/grupoimasd.com\/en\/coolshop\/cool-pills\/\",\"name\":\"Cool Pills - Imasd En\",\"isPartOf\":{\"@id\":\"https:\/\/grupoimasd.com\/en\/#website\"},\"primaryImageOfPage\":{\"@id\":\"https:\/\/grupoimasd.com\/en\/coolshop\/cool-pills\/#primaryimage\"},\"image\":{\"@id\":\"https:\/\/grupoimasd.com\/en\/coolshop\/cool-pills\/#primaryimage\"},\"thumbnailUrl\":\"https:\/\/grupoimasd.com\/en\/wp-content\/uploads\/sites\/4\/2025\/01\/coolpills-13.webp\",\"datePublished\":\"2025-01-29T16:20:07+00:00\",\"dateModified\":\"2025-03-03T22:48:19+00:00\",\"breadcrumb\":{\"@id\":\"https:\/\/grupoimasd.com\/en\/coolshop\/cool-pills\/#breadcrumb\"},\"inLanguage\":\"en-US\",\"potentialAction\":[{\"@type\":\"ReadAction\",\"target\":[\"https:\/\/grupoimasd.com\/en\/coolshop\/cool-pills\/\"]}]},{\"@type\":\"ImageObject\",\"inLanguage\":\"en-US\",\"@id\":\"https:\/\/grupoimasd.com\/en\/coolshop\/cool-pills\/#primaryimage\",\"url\":\"https:\/\/grupoimasd.com\/en\/wp-content\/uploads\/sites\/4\/2025\/01\/coolpills-13.webp\",\"contentUrl\":\"https:\/\/grupoimasd.com\/en\/wp-content\/uploads\/sites\/4\/2025\/01\/coolpills-13.webp\",\"width\":1080,\"height\":763},{\"@type\":\"BreadcrumbList\",\"@id\":\"https:\/\/grupoimasd.com\/en\/coolshop\/cool-pills\/#breadcrumb\",\"itemListElement\":[{\"@type\":\"ListItem\",\"position\":1,\"name\":\"Home\",\"item\":\"https:\/\/grupoimasd.com\/en\/\"},{\"@type\":\"ListItem\",\"position\":2,\"name\":\"Coolshop\",\"item\":\"https:\/\/grupoimasd.com\/en\/coolshop\/\"},{\"@type\":\"ListItem\",\"position\":3,\"name\":\"Cool Pills\"}]},{\"@type\":\"WebSite\",\"@id\":\"https:\/\/grupoimasd.com\/en\/#website\",\"url\":\"https:\/\/grupoimasd.com\/en\/\",\"name\":\"Imasd En\",\"description\":\"\",\"potentialAction\":[{\"@type\":\"SearchAction\",\"target\":{\"@type\":\"EntryPoint\",\"urlTemplate\":\"https:\/\/grupoimasd.com\/en\/?s={search_term_string}\"},\"query-input\":{\"@type\":\"PropertyValueSpecification\",\"valueRequired\":true,\"valueName\":\"search_term_string\"}}],\"inLanguage\":\"en-US\"}]}<\/script>\n<!-- \/ Yoast SEO plugin. -->","yoast_head_json":{"title":"Cool Pills - Imasd En","robots":{"index":"index","follow":"follow","max-snippet":"max-snippet:-1","max-image-preview":"max-image-preview:large","max-video-preview":"max-video-preview:-1"},"canonical":"https:\/\/grupoimasd.com\/en\/coolshop\/cool-pills\/","og_locale":"en_US","og_type":"article","og_title":"Cool Pills - Imasd En","og_description":"Coolpills Four research reports packed with valuable insights to take your brand to the next level. Available in four categories: Hemos decidido abrir las puertas de nuestra biblioteca a muchas m\u00e1s personas, para continuar entregando valor e inspiraci\u00f3n a personas, marcas y negocios. Aqu\u00ed encontrar\u00e1s diversas tem\u00e1ticas donde analizamos marcas desde todos sus puntos de [&hellip;]","og_url":"https:\/\/grupoimasd.com\/en\/coolshop\/cool-pills\/","og_site_name":"Imasd En","article_modified_time":"2025-03-03T22:48:19+00:00","og_image":[{"width":1080,"height":763,"url":"https:\/\/grupoimasd.com\/en\/wp-content\/uploads\/sites\/4\/2025\/01\/coolpills-13.webp","type":"image\/webp"}],"twitter_card":"summary_large_image","twitter_misc":{"Est. reading time":"3 minutes"},"schema":{"@context":"https:\/\/schema.org","@graph":[{"@type":"WebPage","@id":"https:\/\/grupoimasd.com\/en\/coolshop\/cool-pills\/","url":"https:\/\/grupoimasd.com\/en\/coolshop\/cool-pills\/","name":"Cool Pills - Imasd En","isPartOf":{"@id":"https:\/\/grupoimasd.com\/en\/#website"},"primaryImageOfPage":{"@id":"https:\/\/grupoimasd.com\/en\/coolshop\/cool-pills\/#primaryimage"},"image":{"@id":"https:\/\/grupoimasd.com\/en\/coolshop\/cool-pills\/#primaryimage"},"thumbnailUrl":"https:\/\/grupoimasd.com\/en\/wp-content\/uploads\/sites\/4\/2025\/01\/coolpills-13.webp","datePublished":"2025-01-29T16:20:07+00:00","dateModified":"2025-03-03T22:48:19+00:00","breadcrumb":{"@id":"https:\/\/grupoimasd.com\/en\/coolshop\/cool-pills\/#breadcrumb"},"inLanguage":"en-US","potentialAction":[{"@type":"ReadAction","target":["https:\/\/grupoimasd.com\/en\/coolshop\/cool-pills\/"]}]},{"@type":"ImageObject","inLanguage":"en-US","@id":"https:\/\/grupoimasd.com\/en\/coolshop\/cool-pills\/#primaryimage","url":"https:\/\/grupoimasd.com\/en\/wp-content\/uploads\/sites\/4\/2025\/01\/coolpills-13.webp","contentUrl":"https:\/\/grupoimasd.com\/en\/wp-content\/uploads\/sites\/4\/2025\/01\/coolpills-13.webp","width":1080,"height":763},{"@type":"BreadcrumbList","@id":"https:\/\/grupoimasd.com\/en\/coolshop\/cool-pills\/#breadcrumb","itemListElement":[{"@type":"ListItem","position":1,"name":"Home","item":"https:\/\/grupoimasd.com\/en\/"},{"@type":"ListItem","position":2,"name":"Coolshop","item":"https:\/\/grupoimasd.com\/en\/coolshop\/"},{"@type":"ListItem","position":3,"name":"Cool Pills"}]},{"@type":"WebSite","@id":"https:\/\/grupoimasd.com\/en\/#website","url":"https:\/\/grupoimasd.com\/en\/","name":"Imasd En","description":"","potentialAction":[{"@type":"SearchAction","target":{"@type":"EntryPoint","urlTemplate":"https:\/\/grupoimasd.com\/en\/?s={search_term_string}"},"query-input":{"@type":"PropertyValueSpecification","valueRequired":true,"valueName":"search_term_string"}}],"inLanguage":"en-US"}]}},"_links":{"self":[{"href":"https:\/\/grupoimasd.com\/en\/wp-json\/wp\/v2\/pages\/425","targetHints":{"allow":["GET"]}}],"collection":[{"href":"https:\/\/grupoimasd.com\/en\/wp-json\/wp\/v2\/pages"}],"about":[{"href":"https:\/\/grupoimasd.com\/en\/wp-json\/wp\/v2\/types\/page"}],"author":[{"embeddable":true,"href":"https:\/\/grupoimasd.com\/en\/wp-json\/wp\/v2\/users\/1"}],"replies":[{"embeddable":true,"href":"https:\/\/grupoimasd.com\/en\/wp-json\/wp\/v2\/comments?post=425"}],"version-history":[{"count":3,"href":"https:\/\/grupoimasd.com\/en\/wp-json\/wp\/v2\/pages\/425\/revisions"}],"predecessor-version":[{"id":14971,"href":"https:\/\/grupoimasd.com\/en\/wp-json\/wp\/v2\/pages\/425\/revisions\/14971"}],"up":[{"embeddable":true,"href":"https:\/\/grupoimasd.com\/en\/wp-json\/wp\/v2\/pages\/311"}],"wp:attachment":[{"href":"https:\/\/grupoimasd.com\/en\/wp-json\/wp\/v2\/media?parent=425"}],"curies":[{"name":"wp","href":"https:\/\/api.w.org\/{rel}","templated":true}]}}