{"id":442,"date":"2025-01-29T16:34:16","date_gmt":"2025-01-29T16:34:16","guid":{"rendered":"https:\/\/bogue.com.co\/?page_id=442"},"modified":"2025-01-29T16:34:16","modified_gmt":"2025-01-29T16:34:16","slug":"descargas-cool-pills","status":"publish","type":"page","link":"https:\/\/grupoimasd.com\/en\/coolshop\/cool-pills\/descargas-cool-pills\/","title":{"rendered":"Descargas Cool pills"},"content":{"rendered":"\t\t<div data-elementor-type=\"wp-page\" data-elementor-id=\"442\" class=\"elementor elementor-442\" data-elementor-post-type=\"page\">\n\t\t\t\t<div class=\"elementor-element elementor-element-56d74df e-flex e-con-boxed e-con e-parent\" data-id=\"56d74df\" data-element_type=\"container\">\n\t\t\t\t\t<div class=\"e-con-inner\">\n\t\t\t\t<div class=\"elementor-element elementor-element-eea3a82 elementor-widget elementor-widget-heading\" data-id=\"eea3a82\" data-element_type=\"widget\" data-widget_type=\"heading.default\">\n\t\t\t\t<div class=\"elementor-widget-container\">\n\t\t\t\t\t<h2 class=\"elementor-heading-title elementor-size-default\">Cool Pills\n\n<\/h2>\t\t\t\t<\/div>\n\t\t\t\t<\/div>\n\t\t\t\t\t<\/div>\n\t\t\t\t<\/div>\n\t\t<div class=\"elementor-element elementor-element-e9d86d7 e-flex e-con-boxed e-con e-parent\" data-id=\"e9d86d7\" data-element_type=\"container\">\n\t\t\t\t\t<div class=\"e-con-inner\">\n\t\t<div class=\"elementor-element elementor-element-181f9a9 e-con-full e-flex e-con e-child\" data-id=\"181f9a9\" data-element_type=\"container\">\n\t\t\t\t<div class=\"elementor-element elementor-element-45264f6 elementor-widget elementor-widget-image\" data-id=\"45264f6\" data-element_type=\"widget\" data-widget_type=\"image.default\">\n\t\t\t\t<div class=\"elementor-widget-container\">\n\t\t\t\t\t\t\t\t\t\t\t\t\t\t\t\t<a href=\"https:\/\/grupoimasd.com\/en\/descargas\/Reporte_Practicidad_imasD-rnj172.pdf\" target=\"_blank\">\n\t\t\t\t\t\t\t<img fetchpriority=\"high\" decoding=\"async\" width=\"1080\" height=\"763\" src=\"https:\/\/grupoimasd.com\/en\/wp-content\/uploads\/sites\/4\/2025\/01\/coolpillsmockup-14.webp\" class=\"elementor-animation-shrink attachment-full size-full wp-image-449\" alt=\"\" srcset=\"https:\/\/grupoimasd.com\/en\/wp-content\/uploads\/sites\/4\/2025\/01\/coolpillsmockup-14.webp 1080w, https:\/\/grupoimasd.com\/en\/wp-content\/uploads\/sites\/4\/2025\/01\/coolpillsmockup-14-300x212.webp 300w, https:\/\/grupoimasd.com\/en\/wp-content\/uploads\/sites\/4\/2025\/01\/coolpillsmockup-14-1024x723.webp 1024w, https:\/\/grupoimasd.com\/en\/wp-content\/uploads\/sites\/4\/2025\/01\/coolpillsmockup-14-768x543.webp 768w, https:\/\/grupoimasd.com\/en\/wp-content\/uploads\/sites\/4\/2025\/01\/coolpillsmockup-14-600x424.webp 600w\" sizes=\"(max-width: 1080px) 100vw, 1080px\" \/>\t\t\t\t\t\t\t\t<\/a>\n\t\t\t\t\t\t\t\t\t\t\t\t\t\t\t<\/div>\n\t\t\t\t<\/div>\n\t\t\t\t<div class=\"elementor-element elementor-element-4204743 elementor-widget elementor-widget-heading\" data-id=\"4204743\" data-element_type=\"widget\" data-widget_type=\"heading.default\">\n\t\t\t\t<div class=\"elementor-widget-container\">\n\t\t\t\t\t<h2 class=\"elementor-heading-title elementor-size-default\"><a href=\"https:\/\/grupoimasd.com\/en\/descargas\/Reporte_Practicidad_imasD-rnj172.pdf\" target=\"_blank\">Cool Pill Practicidad<\/a><\/h2>\t\t\t\t<\/div>\n\t\t\t\t<\/div>\n\t\t\t\t<div class=\"elementor-element elementor-element-7c4d8cf elementor-widget elementor-widget-text-editor\" data-id=\"7c4d8cf\" data-element_type=\"widget\" data-widget_type=\"text-editor.default\">\n\t\t\t\t<div class=\"elementor-widget-container\">\n\t\t\t\t\t\t\t\t\t<p>Tomarse menos tiempo en cada preparaci\u00f3n, adelantar pasos y simplificar. Este es el valor agregado que entregan las marcas que analizaremos en este reporte.<\/p>\t\t\t\t\t\t\t\t<\/div>\n\t\t\t\t<\/div>\n\t\t\t\t<\/div>\n\t\t<div class=\"elementor-element elementor-element-d7fc91d e-con-full e-flex e-con e-child\" data-id=\"d7fc91d\" data-element_type=\"container\">\n\t\t\t\t<div class=\"elementor-element elementor-element-cf426ac elementor-widget elementor-widget-image\" data-id=\"cf426ac\" data-element_type=\"widget\" data-widget_type=\"image.default\">\n\t\t\t\t<div class=\"elementor-widget-container\">\n\t\t\t\t\t\t\t\t\t\t\t\t\t\t\t\t<a href=\"https:\/\/grupoimasd.com\/en\/descargas\/CoolPill_CuidadoPersonal_imasD-yh8zew.pdf\" target=\"_blank\">\n\t\t\t\t\t\t\t<img decoding=\"async\" width=\"1080\" height=\"763\" src=\"https:\/\/grupoimasd.com\/en\/wp-content\/uploads\/sites\/4\/2025\/01\/coolpillsmockup-13.webp\" class=\"elementor-animation-shrink attachment-full size-full wp-image-448\" alt=\"\" srcset=\"https:\/\/grupoimasd.com\/en\/wp-content\/uploads\/sites\/4\/2025\/01\/coolpillsmockup-13.webp 1080w, https:\/\/grupoimasd.com\/en\/wp-content\/uploads\/sites\/4\/2025\/01\/coolpillsmockup-13-300x212.webp 300w, https:\/\/grupoimasd.com\/en\/wp-content\/uploads\/sites\/4\/2025\/01\/coolpillsmockup-13-1024x723.webp 1024w, https:\/\/grupoimasd.com\/en\/wp-content\/uploads\/sites\/4\/2025\/01\/coolpillsmockup-13-768x543.webp 768w, https:\/\/grupoimasd.com\/en\/wp-content\/uploads\/sites\/4\/2025\/01\/coolpillsmockup-13-600x424.webp 600w\" sizes=\"(max-width: 1080px) 100vw, 1080px\" \/>\t\t\t\t\t\t\t\t<\/a>\n\t\t\t\t\t\t\t\t\t\t\t\t\t\t\t<\/div>\n\t\t\t\t<\/div>\n\t\t\t\t<div class=\"elementor-element elementor-element-db51338 elementor-widget elementor-widget-heading\" data-id=\"db51338\" data-element_type=\"widget\" data-widget_type=\"heading.default\">\n\t\t\t\t<div class=\"elementor-widget-container\">\n\t\t\t\t\t<h2 class=\"elementor-heading-title elementor-size-default\"><a href=\"https:\/\/grupoimasd.com\/en\/descargas\/CoolPill_CuidadoPersonal_imasD-yh8zew.pdf\" target=\"_blank\">Cool Pill Cuidado Personal<\/a><\/h2>\t\t\t\t<\/div>\n\t\t\t\t<\/div>\n\t\t\t\t<div class=\"elementor-element elementor-element-c433cfa elementor-widget elementor-widget-text-editor\" data-id=\"c433cfa\" data-element_type=\"widget\" data-widget_type=\"text-editor.default\">\n\t\t\t\t<div class=\"elementor-widget-container\">\n\t\t\t\t\t\t\t\t\t<p>El cuidado personal va m\u00e1s all\u00e1 de productos cosm\u00e9ticos, es tener a consciencia el beneficio que este puede entregar a nivel hol\u00edstico para mantener en equilibrio mente, cuerpo y esp\u00edritu.<\/p>\t\t\t\t\t\t\t\t<\/div>\n\t\t\t\t<\/div>\n\t\t\t\t<\/div>\n\t\t<div class=\"elementor-element elementor-element-af1eb2c e-con-full e-flex e-con e-child\" data-id=\"af1eb2c\" data-element_type=\"container\">\n\t\t\t\t<div class=\"elementor-element elementor-element-f70fae3 elementor-widget elementor-widget-image\" data-id=\"f70fae3\" data-element_type=\"widget\" data-widget_type=\"image.default\">\n\t\t\t\t<div class=\"elementor-widget-container\">\n\t\t\t\t\t\t\t\t\t\t\t\t\t\t\t\t<a href=\"https:\/\/grupoimasd.com\/en\/descargas\/Reporte_Snacks-_-ImasD-xirfmu.pdf\" target=\"_blank\">\n\t\t\t\t\t\t\t<img decoding=\"async\" width=\"1080\" height=\"763\" src=\"https:\/\/grupoimasd.com\/en\/wp-content\/uploads\/sites\/4\/2025\/01\/coolpillsmockup-15.webp\" class=\"elementor-animation-shrink attachment-full size-full wp-image-450\" alt=\"\" srcset=\"https:\/\/grupoimasd.com\/en\/wp-content\/uploads\/sites\/4\/2025\/01\/coolpillsmockup-15.webp 1080w, https:\/\/grupoimasd.com\/en\/wp-content\/uploads\/sites\/4\/2025\/01\/coolpillsmockup-15-300x212.webp 300w, https:\/\/grupoimasd.com\/en\/wp-content\/uploads\/sites\/4\/2025\/01\/coolpillsmockup-15-1024x723.webp 1024w, https:\/\/grupoimasd.com\/en\/wp-content\/uploads\/sites\/4\/2025\/01\/coolpillsmockup-15-768x543.webp 768w, https:\/\/grupoimasd.com\/en\/wp-content\/uploads\/sites\/4\/2025\/01\/coolpillsmockup-15-600x424.webp 600w\" sizes=\"(max-width: 1080px) 100vw, 1080px\" \/>\t\t\t\t\t\t\t\t<\/a>\n\t\t\t\t\t\t\t\t\t\t\t\t\t\t\t<\/div>\n\t\t\t\t<\/div>\n\t\t\t\t<div class=\"elementor-element elementor-element-2d84e6e elementor-widget elementor-widget-heading\" data-id=\"2d84e6e\" data-element_type=\"widget\" data-widget_type=\"heading.default\">\n\t\t\t\t<div class=\"elementor-widget-container\">\n\t\t\t\t\t<h2 class=\"elementor-heading-title elementor-size-default\"><a href=\"https:\/\/grupoimasd.com\/en\/descargas\/Reporte_Snacks-_-ImasD-xirfmu.pdf\" target=\"_blank\">Cool Pill Snacks<\/a><\/h2>\t\t\t\t<\/div>\n\t\t\t\t<\/div>\n\t\t\t\t<div class=\"elementor-element elementor-element-724bd95 elementor-widget elementor-widget-text-editor\" data-id=\"724bd95\" data-element_type=\"widget\" data-widget_type=\"text-editor.default\">\n\t\t\t\t<div class=\"elementor-widget-container\">\n\t\t\t\t\t\t\t\t\t<p>Un mundo amplio y vers\u00e1til que satisface diversas necesidades seg\u00fan el momento y el lugar. Hoy vemos una gran variedad de productos que entregan todo lo necesario para pausas durante el d\u00eda.<\/p>\t\t\t\t\t\t\t\t<\/div>\n\t\t\t\t<\/div>\n\t\t\t\t<\/div>\n\t\t<div class=\"elementor-element elementor-element-db9fbb8 e-con-full e-flex e-con e-child\" data-id=\"db9fbb8\" data-element_type=\"container\">\n\t\t\t\t<div class=\"elementor-element elementor-element-103d6a1 elementor-widget elementor-widget-image\" data-id=\"103d6a1\" data-element_type=\"widget\" data-widget_type=\"image.default\">\n\t\t\t\t<div class=\"elementor-widget-container\">\n\t\t\t\t\t\t\t\t\t\t\t\t\t\t\t\t<a href=\"https:\/\/grupoimasd.com\/en\/descargas\/CoolPill_Bebidas_ImasD-1hvnp1.pdf\" target=\"_blank\">\n\t\t\t\t\t\t\t<img loading=\"lazy\" decoding=\"async\" width=\"1080\" height=\"763\" src=\"https:\/\/grupoimasd.com\/en\/wp-content\/uploads\/sites\/4\/2025\/01\/coolpillsmockup-12.webp\" class=\"elementor-animation-shrink attachment-full size-full wp-image-447\" alt=\"\" srcset=\"https:\/\/grupoimasd.com\/en\/wp-content\/uploads\/sites\/4\/2025\/01\/coolpillsmockup-12.webp 1080w, https:\/\/grupoimasd.com\/en\/wp-content\/uploads\/sites\/4\/2025\/01\/coolpillsmockup-12-300x212.webp 300w, https:\/\/grupoimasd.com\/en\/wp-content\/uploads\/sites\/4\/2025\/01\/coolpillsmockup-12-1024x723.webp 1024w, https:\/\/grupoimasd.com\/en\/wp-content\/uploads\/sites\/4\/2025\/01\/coolpillsmockup-12-768x543.webp 768w, https:\/\/grupoimasd.com\/en\/wp-content\/uploads\/sites\/4\/2025\/01\/coolpillsmockup-12-600x424.webp 600w\" sizes=\"(max-width: 1080px) 100vw, 1080px\" \/>\t\t\t\t\t\t\t\t<\/a>\n\t\t\t\t\t\t\t\t\t\t\t\t\t\t\t<\/div>\n\t\t\t\t<\/div>\n\t\t\t\t<div class=\"elementor-element elementor-element-c606101 elementor-widget elementor-widget-heading\" data-id=\"c606101\" data-element_type=\"widget\" data-widget_type=\"heading.default\">\n\t\t\t\t<div class=\"elementor-widget-container\">\n\t\t\t\t\t<h2 class=\"elementor-heading-title elementor-size-default\"><a href=\"https:\/\/grupoimasd.com\/en\/descargas\/CoolPill_Bebidas_ImasD-1hvnp1.pdf\" target=\"_blank\">Cool Pill Bebidas<\/a><\/h2>\t\t\t\t<\/div>\n\t\t\t\t<\/div>\n\t\t\t\t<div class=\"elementor-element elementor-element-88b26cb elementor-widget elementor-widget-text-editor\" data-id=\"88b26cb\" data-element_type=\"widget\" data-widget_type=\"text-editor.default\">\n\t\t\t\t<div class=\"elementor-widget-container\">\n\t\t\t\t\t\t\t\t\t<p>Una categor\u00eda en crecimiento y con un mundo de posibilidades. La din\u00e1mica de las bebidas ha comenzado a seguir fuertes tendencias de ofertas con beneficios y productos que son mejores para la salud.<\/p>\t\t\t\t\t\t\t\t<\/div>\n\t\t\t\t<\/div>\n\t\t\t\t<\/div>\n\t\t\t\t\t<\/div>\n\t\t\t\t<\/div>\n\t\t\t\t<\/div>\n\t\t","protected":false},"excerpt":{"rendered":"<p>Cool Pills Cool Pill Practicidad Tomarse menos tiempo en cada preparaci\u00f3n, adelantar pasos y simplificar. Este es el valor agregado que entregan las marcas que analizaremos en este reporte. Cool Pill Cuidado Personal El cuidado personal va m\u00e1s all\u00e1 de productos cosm\u00e9ticos, es tener a consciencia el beneficio que este puede entregar a nivel hol\u00edstico [&hellip;]<\/p>\n","protected":false},"author":1,"featured_media":0,"parent":425,"menu_order":0,"comment_status":"closed","ping_status":"closed","template":"","meta":{"_acf_changed":false,"footnotes":""},"class_list":["post-442","page","type-page","status-publish","hentry"],"acf":[],"yoast_head":"<!-- This site is optimized with the Yoast SEO plugin v26.5 - https:\/\/yoast.com\/wordpress\/plugins\/seo\/ -->\n<title>Descargas Cool pills - Imasd En<\/title>\n<meta name=\"robots\" content=\"index, follow, max-snippet:-1, max-image-preview:large, max-video-preview:-1\" \/>\n<link rel=\"canonical\" href=\"https:\/\/grupoimasd.com\/en\/coolshop\/cool-pills\/descargas-cool-pills\/\" \/>\n<meta property=\"og:locale\" content=\"en_US\" \/>\n<meta property=\"og:type\" content=\"article\" \/>\n<meta property=\"og:title\" content=\"Descargas Cool pills - Imasd En\" \/>\n<meta property=\"og:description\" content=\"Cool Pills Cool Pill Practicidad Tomarse menos tiempo en cada preparaci\u00f3n, adelantar pasos y simplificar. Este es el valor agregado que entregan las marcas que analizaremos en este reporte. Cool Pill Cuidado Personal El cuidado personal va m\u00e1s all\u00e1 de productos cosm\u00e9ticos, es tener a consciencia el beneficio que este puede entregar a nivel hol\u00edstico [&hellip;]\" \/>\n<meta property=\"og:url\" content=\"https:\/\/grupoimasd.com\/en\/coolshop\/cool-pills\/descargas-cool-pills\/\" \/>\n<meta property=\"og:site_name\" content=\"Imasd En\" \/>\n<meta property=\"og:image\" content=\"https:\/\/grupoimasd.com\/en\/wp-content\/uploads\/sites\/4\/2025\/01\/coolpillsmockup-14.webp\" \/>\n<meta name=\"twitter:card\" content=\"summary_large_image\" \/>\n<meta name=\"twitter:label1\" content=\"Est. reading time\" \/>\n\t<meta name=\"twitter:data1\" content=\"2 minutes\" \/>\n<script type=\"application\/ld+json\" class=\"yoast-schema-graph\">{\"@context\":\"https:\/\/schema.org\",\"@graph\":[{\"@type\":\"WebPage\",\"@id\":\"https:\/\/grupoimasd.com\/en\/coolshop\/cool-pills\/descargas-cool-pills\/\",\"url\":\"https:\/\/grupoimasd.com\/en\/coolshop\/cool-pills\/descargas-cool-pills\/\",\"name\":\"Descargas Cool pills - Imasd En\",\"isPartOf\":{\"@id\":\"https:\/\/grupoimasd.com\/en\/#website\"},\"primaryImageOfPage\":{\"@id\":\"https:\/\/grupoimasd.com\/en\/coolshop\/cool-pills\/descargas-cool-pills\/#primaryimage\"},\"image\":{\"@id\":\"https:\/\/grupoimasd.com\/en\/coolshop\/cool-pills\/descargas-cool-pills\/#primaryimage\"},\"thumbnailUrl\":\"https:\/\/grupoimasd.com\/en\/wp-content\/uploads\/sites\/4\/2025\/01\/coolpillsmockup-14.webp\",\"datePublished\":\"2025-01-29T16:34:16+00:00\",\"breadcrumb\":{\"@id\":\"https:\/\/grupoimasd.com\/en\/coolshop\/cool-pills\/descargas-cool-pills\/#breadcrumb\"},\"inLanguage\":\"en-US\",\"potentialAction\":[{\"@type\":\"ReadAction\",\"target\":[\"https:\/\/grupoimasd.com\/en\/coolshop\/cool-pills\/descargas-cool-pills\/\"]}]},{\"@type\":\"ImageObject\",\"inLanguage\":\"en-US\",\"@id\":\"https:\/\/grupoimasd.com\/en\/coolshop\/cool-pills\/descargas-cool-pills\/#primaryimage\",\"url\":\"https:\/\/grupoimasd.com\/en\/wp-content\/uploads\/sites\/4\/2025\/01\/coolpillsmockup-14.webp\",\"contentUrl\":\"https:\/\/grupoimasd.com\/en\/wp-content\/uploads\/sites\/4\/2025\/01\/coolpillsmockup-14.webp\",\"width\":1080,\"height\":763},{\"@type\":\"BreadcrumbList\",\"@id\":\"https:\/\/grupoimasd.com\/en\/coolshop\/cool-pills\/descargas-cool-pills\/#breadcrumb\",\"itemListElement\":[{\"@type\":\"ListItem\",\"position\":1,\"name\":\"Home\",\"item\":\"https:\/\/grupoimasd.com\/en\/\"},{\"@type\":\"ListItem\",\"position\":2,\"name\":\"Coolshop\",\"item\":\"https:\/\/grupoimasd.com\/en\/coolshop\/\"},{\"@type\":\"ListItem\",\"position\":3,\"name\":\"Cool Pills\",\"item\":\"https:\/\/grupoimasd.com\/en\/coolshop\/cool-pills\/\"},{\"@type\":\"ListItem\",\"position\":4,\"name\":\"Descargas Cool pills\"}]},{\"@type\":\"WebSite\",\"@id\":\"https:\/\/grupoimasd.com\/en\/#website\",\"url\":\"https:\/\/grupoimasd.com\/en\/\",\"name\":\"Imasd En\",\"description\":\"\",\"potentialAction\":[{\"@type\":\"SearchAction\",\"target\":{\"@type\":\"EntryPoint\",\"urlTemplate\":\"https:\/\/grupoimasd.com\/en\/?s={search_term_string}\"},\"query-input\":{\"@type\":\"PropertyValueSpecification\",\"valueRequired\":true,\"valueName\":\"search_term_string\"}}],\"inLanguage\":\"en-US\"}]}<\/script>\n<!-- \/ Yoast SEO plugin. -->","yoast_head_json":{"title":"Descargas Cool pills - Imasd En","robots":{"index":"index","follow":"follow","max-snippet":"max-snippet:-1","max-image-preview":"max-image-preview:large","max-video-preview":"max-video-preview:-1"},"canonical":"https:\/\/grupoimasd.com\/en\/coolshop\/cool-pills\/descargas-cool-pills\/","og_locale":"en_US","og_type":"article","og_title":"Descargas Cool pills - Imasd En","og_description":"Cool Pills Cool Pill Practicidad Tomarse menos tiempo en cada preparaci\u00f3n, adelantar pasos y simplificar. Este es el valor agregado que entregan las marcas que analizaremos en este reporte. Cool Pill Cuidado Personal El cuidado personal va m\u00e1s all\u00e1 de productos cosm\u00e9ticos, es tener a consciencia el beneficio que este puede entregar a nivel hol\u00edstico [&hellip;]","og_url":"https:\/\/grupoimasd.com\/en\/coolshop\/cool-pills\/descargas-cool-pills\/","og_site_name":"Imasd En","og_image":[{"url":"https:\/\/grupoimasd.com\/en\/wp-content\/uploads\/sites\/4\/2025\/01\/coolpillsmockup-14.webp","type":"","width":"","height":""}],"twitter_card":"summary_large_image","twitter_misc":{"Est. reading time":"2 minutes"},"schema":{"@context":"https:\/\/schema.org","@graph":[{"@type":"WebPage","@id":"https:\/\/grupoimasd.com\/en\/coolshop\/cool-pills\/descargas-cool-pills\/","url":"https:\/\/grupoimasd.com\/en\/coolshop\/cool-pills\/descargas-cool-pills\/","name":"Descargas Cool pills - Imasd En","isPartOf":{"@id":"https:\/\/grupoimasd.com\/en\/#website"},"primaryImageOfPage":{"@id":"https:\/\/grupoimasd.com\/en\/coolshop\/cool-pills\/descargas-cool-pills\/#primaryimage"},"image":{"@id":"https:\/\/grupoimasd.com\/en\/coolshop\/cool-pills\/descargas-cool-pills\/#primaryimage"},"thumbnailUrl":"https:\/\/grupoimasd.com\/en\/wp-content\/uploads\/sites\/4\/2025\/01\/coolpillsmockup-14.webp","datePublished":"2025-01-29T16:34:16+00:00","breadcrumb":{"@id":"https:\/\/grupoimasd.com\/en\/coolshop\/cool-pills\/descargas-cool-pills\/#breadcrumb"},"inLanguage":"en-US","potentialAction":[{"@type":"ReadAction","target":["https:\/\/grupoimasd.com\/en\/coolshop\/cool-pills\/descargas-cool-pills\/"]}]},{"@type":"ImageObject","inLanguage":"en-US","@id":"https:\/\/grupoimasd.com\/en\/coolshop\/cool-pills\/descargas-cool-pills\/#primaryimage","url":"https:\/\/grupoimasd.com\/en\/wp-content\/uploads\/sites\/4\/2025\/01\/coolpillsmockup-14.webp","contentUrl":"https:\/\/grupoimasd.com\/en\/wp-content\/uploads\/sites\/4\/2025\/01\/coolpillsmockup-14.webp","width":1080,"height":763},{"@type":"BreadcrumbList","@id":"https:\/\/grupoimasd.com\/en\/coolshop\/cool-pills\/descargas-cool-pills\/#breadcrumb","itemListElement":[{"@type":"ListItem","position":1,"name":"Home","item":"https:\/\/grupoimasd.com\/en\/"},{"@type":"ListItem","position":2,"name":"Coolshop","item":"https:\/\/grupoimasd.com\/en\/coolshop\/"},{"@type":"ListItem","position":3,"name":"Cool Pills","item":"https:\/\/grupoimasd.com\/en\/coolshop\/cool-pills\/"},{"@type":"ListItem","position":4,"name":"Descargas Cool pills"}]},{"@type":"WebSite","@id":"https:\/\/grupoimasd.com\/en\/#website","url":"https:\/\/grupoimasd.com\/en\/","name":"Imasd En","description":"","potentialAction":[{"@type":"SearchAction","target":{"@type":"EntryPoint","urlTemplate":"https:\/\/grupoimasd.com\/en\/?s={search_term_string}"},"query-input":{"@type":"PropertyValueSpecification","valueRequired":true,"valueName":"search_term_string"}}],"inLanguage":"en-US"}]}},"_links":{"self":[{"href":"https:\/\/grupoimasd.com\/en\/wp-json\/wp\/v2\/pages\/442","targetHints":{"allow":["GET"]}}],"collection":[{"href":"https:\/\/grupoimasd.com\/en\/wp-json\/wp\/v2\/pages"}],"about":[{"href":"https:\/\/grupoimasd.com\/en\/wp-json\/wp\/v2\/types\/page"}],"author":[{"embeddable":true,"href":"https:\/\/grupoimasd.com\/en\/wp-json\/wp\/v2\/users\/1"}],"replies":[{"embeddable":true,"href":"https:\/\/grupoimasd.com\/en\/wp-json\/wp\/v2\/comments?post=442"}],"version-history":[{"count":0,"href":"https:\/\/grupoimasd.com\/en\/wp-json\/wp\/v2\/pages\/442\/revisions"}],"up":[{"embeddable":true,"href":"https:\/\/grupoimasd.com\/en\/wp-json\/wp\/v2\/pages\/425"}],"wp:attachment":[{"href":"https:\/\/grupoimasd.com\/en\/wp-json\/wp\/v2\/media?parent=442"}],"curies":[{"name":"wp","href":"https:\/\/api.w.org\/{rel}","templated":true}]}}